{"id":1028,"date":"2023-08-10T10:23:49","date_gmt":"2023-08-10T15:23:49","guid":{"rendered":"http:\/\/www.surfacide.com\/?page_id=1028"},"modified":"2023-08-11T13:03:32","modified_gmt":"2023-08-11T18:03:32","slug":"terms-and-conditions","status":"publish","type":"page","link":"https:\/\/www.surfacide.com\/es\/terms-and-conditions\/","title":{"rendered":"T\u00e9rminos y condiciones"},"content":{"rendered":"<p>\u00daltima actualizaci\u00f3n: 26 de julio de 2023<\/p>\n\n\n\n<p>Lea atentamente estos t\u00e9rminos y condiciones antes de utilizar nuestro servicio.<\/p>\n\n\n\n<h2 class=\"is-style-display-4 wp-block-heading\">Interpretaci\u00f3n y definiciones<\/h2>\n\n\n\n<h3 class=\"is-style-display-6 wp-block-heading\"><strong>Interpretaci\u00f3n<\/strong><\/h3>\n\n\n\n<p>Las palabras cuya letra inicial est\u00e1 en may\u00fascula tienen significados definidos bajo las siguientes condiciones. Las siguientes definiciones tendr\u00e1n el mismo significado independientemente de que aparezcan en singular o en plural.<\/p>\n\n\n\n<h3 class=\"is-style-display-6 wp-block-heading\"><strong>Definiciones<\/strong><\/h3>\n\n\n\n<p>Para los efectos de estos T\u00e9rminos y condiciones:<\/p>\n\n\n\n<p><strong>Afiliado<\/strong> significa una entidad que controla, est\u00e1 controlada por o est\u00e1 bajo control com\u00fan con una parte, donde &quot;control&quot; significa propiedad de 50% o m\u00e1s de las acciones, participaciones accionarias u otros valores con derecho a votar para la elecci\u00f3n de directores u otra autoridad administrativa.<\/p>\n\n\n\n<p><strong>Pa\u00eds<\/strong> se refiere a: Wisconsin, Estados Unidos<\/p>\n\n\n\n<p><strong>Compa\u00f1\u00eda<\/strong> (denominada \u201cla Compa\u00f1\u00eda\u201d, \u201cNosotros\u201d, \u201cNos\u201d o \u201cNuestro\u201d en este Acuerdo) se refiere a Surfacide LLC, W226 N918 Northmound Drive, Suite 300, Waukesha, WI 53186.<\/p>\n\n\n\n<p><strong>Dispositivo<\/strong> significa cualquier dispositivo que pueda acceder al Servicio, como una computadora, un tel\u00e9fono celular o una tableta digital.<\/p>\n\n\n\n<p><strong>Comentario<\/strong> significa comentarios, innovaciones o sugerencias enviadas por usted con respecto a los atributos, rendimiento o caracter\u00edsticas de nuestro Servicio.<\/p>\n\n\n\n<p><strong>Servicio<\/strong> se refiere al sitio web.<\/p>\n\n\n\n<p><strong>T\u00e9rminos y condiciones<\/strong> (tambi\u00e9n denominados \u201cT\u00e9rminos\u201d) significa estos T\u00e9rminos y condiciones que forman el acuerdo completo entre usted y la Compa\u00f1\u00eda con respecto al uso del Servicio.<\/p>\n\n\n\n<p><strong>Servicio de redes sociales de terceros<\/strong> significa cualquier servicio o contenido (incluidos datos, informaci\u00f3n, productos o servicios) proporcionado por un tercero que puede mostrarse, incluirse o ponerse a disposici\u00f3n mediante el Servicio.<\/p>\n\n\n\n<p><strong>Sitio web<\/strong> se refiere a Surfacide LLC, accesible desde <a href=\"https:\/\/www.surfacide.com\/es\/\">https:\/\/www.surfacide.com\/<\/a><strong>T\u00fa<\/strong> significa la persona que accede o utiliza el Servicio, o la empresa u otra entidad legal en nombre de la cual dicha persona accede o utiliza el Servicio, seg\u00fan corresponda.<\/p>\n\n\n\n<h2 class=\"is-style-display-4 wp-block-heading\">Reconocimiento<\/h2>\n\n\n\n<p>Estos son los T\u00e9rminos y condiciones que rigen el uso de este Servicio y el acuerdo que opera entre Usted y la Compa\u00f1\u00eda. Estos T\u00e9rminos y Condiciones establecen los derechos y obligaciones de todos los usuarios con respecto al uso del Servicio.<\/p>\n\n\n\n<p>Su acceso y uso del Servicio est\u00e1 condicionado a su aceptaci\u00f3n y cumplimiento de estos T\u00e9rminos y condiciones. Estos T\u00e9rminos y condiciones se aplican a todos los visitantes, usuarios y otras personas que acceden o utilizan el Servicio.<\/p>\n\n\n\n<p>Al acceder o utilizar el Servicio, usted acepta estar sujeto a estos T\u00e9rminos y condiciones. Si no est\u00e1 de acuerdo con alguna parte de estos T\u00e9rminos y condiciones, no podr\u00e1 acceder al Servicio.<\/p>\n\n\n\n<p>Usted declara que es mayor de 18 a\u00f1os. La Compa\u00f1\u00eda no permite que menores de 18 a\u00f1os utilicen el Servicio.<\/p>\n\n\n\n<p>Su acceso y uso del Servicio tambi\u00e9n est\u00e1 condicionado a su aceptaci\u00f3n y cumplimiento de la Pol\u00edtica de Privacidad de la Compa\u00f1\u00eda. Nuestra Pol\u00edtica de privacidad describe Nuestras pol\u00edticas y procedimientos sobre la recopilaci\u00f3n, el uso y la divulgaci\u00f3n de Su informaci\u00f3n personal cuando utiliza la Aplicaci\u00f3n o el Sitio web y le informa sobre Sus derechos de privacidad y c\u00f3mo la ley lo protege. Lea atentamente nuestra Pol\u00edtica de privacidad antes de utilizar nuestro servicio.<\/p>\n\n\n\n<h2 class=\"is-style-display-4 wp-block-heading\">Propiedad intelectual<\/h2>\n\n\n\n<p>El Servicio y su contenido original (excluido el Contenido proporcionado por usted u otros usuarios), sus caracter\u00edsticas y funcionalidades son y seguir\u00e1n siendo propiedad exclusiva de la Compa\u00f1\u00eda y sus licenciantes.<\/p>\n\n\n\n<p>El Servicio est\u00e1 protegido por derechos de autor, marcas comerciales y otras leyes tanto del pa\u00eds como de pa\u00edses extranjeros.<\/p>\n\n\n\n<p>Nuestras marcas comerciales e imagen comercial no se pueden utilizar en relaci\u00f3n con ning\u00fan producto o servicio sin el consentimiento previo por escrito de la Compa\u00f1\u00eda.<\/p>\n\n\n\n<h2 class=\"is-style-display-4 wp-block-heading\">Sus comentarios para nosotros<\/h2>\n\n\n\n<p>Usted asigna todos los derechos, t\u00edtulos e intereses sobre cualquier comentario que proporcione a la Compa\u00f1\u00eda. Si por alguna raz\u00f3n dicha cesi\u00f3n es ineficaz, Usted acepta otorgar a la Compa\u00f1\u00eda un derecho y una licencia mundial, no exclusivos, perpetuos, irrevocables y libres de regal\u00edas para usar, reproducir, divulgar, sublicenciar, distribuir, modificar y explotar dichos Comentarios sin restricci\u00f3n.<\/p>\n\n\n\n<h2 class=\"is-style-display-4 wp-block-heading\">Enlaces a otros sitios web<\/h2>\n\n\n\n<p>Nuestro Servicio puede contener enlaces a sitios web o servicios de terceros que no son propiedad de la Compa\u00f1\u00eda ni est\u00e1n controlados por ella.<\/p>\n\n\n\n<p>La Compa\u00f1\u00eda no tiene control ni asume ninguna responsabilidad por el contenido, las pol\u00edticas de privacidad o las pr\u00e1cticas de los sitios web o servicios de terceros. Adem\u00e1s, reconoce y acepta que la Compa\u00f1\u00eda no ser\u00e1 responsable, directa o indirectamente, de ning\u00fan da\u00f1o o p\u00e9rdida causada o presuntamente causada por o en conexi\u00f3n con el uso o la confianza en dicho contenido, bienes o servicios disponibles en o a trav\u00e9s de dichos sitios web o servicios.<\/p>\n\n\n\n<p>Le recomendamos encarecidamente que lea los t\u00e9rminos y condiciones y las pol\u00edticas de privacidad de los sitios web o servicios de terceros que visite.<\/p>\n\n\n\n<h2 class=\"is-style-display-4 wp-block-heading\">Terminaci\u00f3n<\/h2>\n\n\n\n<p>Podemos cancelar o suspender Su acceso inmediatamente, sin previo aviso ni responsabilidad, por cualquier motivo, incluido, entre otros, si incumple estos T\u00e9rminos y condiciones.<\/p>\n\n\n\n<p>Tras la rescisi\u00f3n, su derecho a utilizar el Servicio cesar\u00e1 inmediatamente.<\/p>\n\n\n\n<h2 class=\"is-style-display-4 wp-block-heading\">Limitaci\u00f3n de responsabilidad<\/h2>\n\n\n\n<p>Independientemente de los da\u00f1os en los que pueda incurrir, la responsabilidad total de la Compa\u00f1\u00eda y cualquiera de sus proveedores seg\u00fan cualquier disposici\u00f3n de estos T\u00e9rminos y su recurso exclusivo por todo lo anterior se limitar\u00e1 al monto realmente pagado por usted a trav\u00e9s del Servicio o 100 USD. si no ha comprado nada a trav\u00e9s del Servicio.<\/p>\n\n\n\n<p>En la m\u00e1xima medida permitida por la ley aplicable, en ning\u00fan caso la Compa\u00f1\u00eda o sus proveedores ser\u00e1n responsables de ning\u00fan da\u00f1o especial, incidental, indirecto o consecuente de ning\u00fan tipo (incluidos, entre otros, da\u00f1os por p\u00e9rdida de ganancias, p\u00e9rdida de datos o otra informaci\u00f3n, por interrupci\u00f3n del negocio, por lesiones personales, p\u00e9rdida de privacidad que surja de o est\u00e9 relacionada de alguna manera con el uso o la imposibilidad de usar el Servicio, el software de terceros y\/o el hardware de terceros utilizado con el Servicio, o de otro modo en relaci\u00f3n con cualquier disposici\u00f3n de estos T\u00e9rminos), incluso si la Compa\u00f1\u00eda o cualquier proveedor han sido advertidos de la posibilidad de tales da\u00f1os e incluso si el remedio no cumple con su prop\u00f3sito esencial.<\/p>\n\n\n\n<p>Algunos estados no permiten la exclusi\u00f3n de garant\u00edas impl\u00edcitas o la limitaci\u00f3n de responsabilidad por da\u00f1os incidentales o consecuentes, lo que significa que algunas de las limitaciones anteriores pueden no aplicarse. En estos estados, la responsabilidad de cada parte se limitar\u00e1 en la mayor medida permitida por la ley.<\/p>\n\n\n\n<h2 class=\"is-style-display-4 wp-block-heading\">Descargo de responsabilidad \u201cTAL CUAL\u201d y \u201cSEG\u00daN DISPONIBILIDAD\u201d<\/h2>\n\n\n\n<p>El Servicio se le proporciona &quot;TAL CUAL&quot; y &quot;SEG\u00daN DISPONIBILIDAD&quot; y con todas las fallas y defectos sin garant\u00eda de ning\u00fan tipo. En la medida m\u00e1xima permitida por la ley aplicable, la Compa\u00f1\u00eda, en su propio nombre y en nombre de sus Afiliados y sus respectivos licenciantes y proveedores de servicios, renuncia expresamente a todas las garant\u00edas, ya sean expresas, impl\u00edcitas, legales o de otro tipo, con respecto a la Servicio, incluidas todas las garant\u00edas impl\u00edcitas de comerciabilidad, idoneidad para un prop\u00f3sito particular, t\u00edtulo y no infracci\u00f3n, y garant\u00edas que puedan surgir del curso del trato, curso del desempe\u00f1o, uso o pr\u00e1ctica comercial. Sin limitaci\u00f3n a lo anterior, la Compa\u00f1\u00eda no ofrece garant\u00eda ni compromiso, y no hace ninguna declaraci\u00f3n de ning\u00fan tipo de que el Servicio cumplir\u00e1 con Sus requisitos, lograr\u00e1 los resultados previstos, ser\u00e1 compatible o funcionar\u00e1 con cualquier otro software, aplicaci\u00f3n, sistema o servicio, operar\u00e1 sin interrupci\u00f3n, cumplir con cualquier est\u00e1ndar de rendimiento o confiabilidad o estar libre de errores o que cualquier error o defecto pueda o ser\u00e1 corregido.<\/p>\n\n\n\n<p>Sin limitar lo anterior, ni la Compa\u00f1\u00eda ni ninguno de los proveedores de la compa\u00f1\u00eda hacen ninguna representaci\u00f3n o garant\u00eda de ning\u00fan tipo, expresa o impl\u00edcita: (i) en cuanto al funcionamiento o disponibilidad del Servicio, o la informaci\u00f3n, el contenido y los materiales o productos. incluido en el mismo; (ii) que el Servicio ser\u00e1 ininterrumpido o estar\u00e1 libre de errores; (iii) en cuanto a la exactitud, confiabilidad o actualidad de cualquier informaci\u00f3n o contenido proporcionado a trav\u00e9s del Servicio; o (iv) que el Servicio, sus servidores, el contenido o los correos electr\u00f3nicos enviados desde o en nombre de la Compa\u00f1\u00eda est\u00e1n libres de virus, scripts, troyanos, gusanos, malware, bombas de tiempo u otros componentes da\u00f1inos.<\/p>\n\n\n\n<p>Algunas jurisdicciones no permiten la exclusi\u00f3n de ciertos tipos de garant\u00edas o limitaciones de los derechos legales aplicables de un consumidor, por lo que es posible que algunas o todas las exclusiones y limitaciones anteriores no se apliquen a usted. Pero en tal caso, las exclusiones y limitaciones establecidas en esta secci\u00f3n se aplicar\u00e1n en la mayor medida exigible seg\u00fan la ley aplicable.<\/p>\n\n\n\n<h2 class=\"is-style-display-4 wp-block-heading\">Ley que rige<\/h2>\n\n\n\n<p>Las leyes del Pa\u00eds, excluyendo sus conflictos de normas legales, regir\u00e1n estos T\u00e9rminos y Su uso del Servicio. Su uso de la Aplicaci\u00f3n tambi\u00e9n puede estar sujeto a otras leyes locales, estatales, nacionales o internacionales.<\/p>\n\n\n\n<h2 class=\"is-style-display-4 wp-block-heading\">Resoluci\u00f3n de disputas<\/h2>\n\n\n\n<p>Si tiene alguna inquietud o disputa sobre el Servicio, acepta intentar primero resolver la disputa de manera informal comunic\u00e1ndose con la Compa\u00f1\u00eda.<\/p>\n\n\n\n<h2 class=\"is-style-display-4 wp-block-heading\">Para usuarios de la Uni\u00f3n Europea (UE)<\/h2>\n\n\n\n<p>Si es un consumidor de la Uni\u00f3n Europea, se beneficiar\u00e1 de las disposiciones obligatorias de la ley del pa\u00eds en el que reside.<\/p>\n\n\n\n<h2 class=\"is-style-display-4 wp-block-heading\">Cumplimiento legal de Estados Unidos<\/h2>\n\n\n\n<p>Usted declara y garantiza que (i) no se encuentra en un pa\u00eds que est\u00e9 sujeto al embargo del gobierno de los Estados Unidos, o que haya sido designado por el gobierno de los Estados Unidos como un pa\u00eds que &quot;apoya al terrorismo&quot;, y (ii) no est\u00e1 incluido en cualquier lista del gobierno de los Estados Unidos de partes prohibidas o restringidas.<\/p>\n\n\n\n<h2 class=\"is-style-display-4 wp-block-heading\">Divisibilidad y renuncia<\/h2>\n\n\n\n<h3 class=\"is-style-display-6 wp-block-heading\"><strong>Divisibilidad<\/strong><\/h3>\n\n\n\n<p>Si alguna disposici\u00f3n de estos T\u00e9rminos se considera inaplicable o inv\u00e1lida, dicha disposici\u00f3n se modificar\u00e1 e interpretar\u00e1 para lograr los objetivos de dicha disposici\u00f3n en la mayor medida posible seg\u00fan la ley aplicable y las disposiciones restantes continuar\u00e1n en pleno vigor y efecto.<\/p>\n\n\n\n<h3 class=\"is-style-display-6 wp-block-heading\"><strong>Exenci\u00f3n<\/strong><\/h3>\n\n\n\n<p>Salvo lo dispuesto en el presente documento, la falta de ejercicio de un derecho o de exigir el cumplimiento de una obligaci\u00f3n en virtud de estos T\u00e9rminos no afectar\u00e1 la capacidad de una parte para ejercer dicho derecho o exigir dicho cumplimiento en cualquier momento posterior ni la renuncia a un incumplimiento constituir\u00e1 una renuncia a cualquier incumplimiento posterior.<\/p>\n\n\n\n<h2 class=\"is-style-display-4 wp-block-heading\">Traducci\u00f3n Interpretaci\u00f3n<\/h2>\n\n\n\n<p>Es posible que estos T\u00e9rminos y condiciones se hayan traducido si los hemos puesto a su disposici\u00f3n en nuestro Servicio. Usted acepta que el texto original en ingl\u00e9s prevalecer\u00e1 en caso de disputa.<\/p>\n\n\n\n<h2 class=\"is-style-display-4 wp-block-heading\">Cambios a estos t\u00e9rminos y condiciones<\/h2>\n\n\n\n<p>Nos reservamos el derecho, a nuestra entera discreci\u00f3n, de modificar o reemplazar estos T\u00e9rminos en cualquier momento. Si una revisi\u00f3n es importante, haremos esfuerzos razonables para avisar con al menos 30 d\u00edas de antelaci\u00f3n antes de que los nuevos t\u00e9rminos entren en vigor. Lo que constituye un cambio material se determinar\u00e1 a Nuestro exclusivo criterio.<\/p>\n\n\n\n<p>Al continuar accediendo o utilizando Nuestro Servicio despu\u00e9s de que esas revisiones entren en vigencia, usted acepta estar sujeto a los t\u00e9rminos revisados. Si no acepta los nuevos t\u00e9rminos, total o parcialmente, deje de utilizar el sitio web y el Servicio.<\/p>\n\n\n\n<h2 class=\"is-style-display-4 wp-block-heading\">Cont\u00e1ctenos<\/h2>\n\n\n\n<p>Si tiene alguna pregunta sobre estos T\u00e9rminos y condiciones, puede contactarnos:<\/p>\n\n\n\n<p>Por correo electr\u00f3nico: <a href=\"mailto:privacy@surfacide.com\">privacidad@surfacide.com<\/a><\/p>\n\n\n\n<p>Por n\u00famero de tel\u00e9fono: <a href=\"tel:8443883538\">844-388-3538<\/a><\/p>","protected":false},"excerpt":{"rendered":"<p>\u00daltima actualizaci\u00f3n: 26 de julio de 2023 Lea atentamente estos t\u00e9rminos y condiciones antes de utilizar nuestro servicio. Interpretaci\u00f3n y definiciones Interpretaci\u00f3n Las palabras cuya letra inicial est\u00e1 en may\u00fascula tienen significados definidos bajo las siguientes condiciones. Las siguientes definiciones tendr\u00e1n el mismo significado independientemente de que aparezcan en singular o en plural. Definiciones [\u2026]<\/p>\n<p><a class=\"btn btn-secondary understrap-read-more-link\" href=\"https:\/\/www.surfacide.com\/es\/terms-and-conditions\/\">Leer m\u00e1s\u2026<span class=\"screen-reader-text\"> de T\u00e9rminos y condiciones<\/span><\/a><\/p>","protected":false},"author":2,"featured_media":0,"parent":0,"menu_order":0,"comment_status":"closed","ping_status":"closed","template":"page-templates\/bluegradientherobasic.php","meta":{"_acf_changed":false,"content-type":"","footnotes":""},"class_list":["post-1028","page","type-page","status-publish","hentry"],"acf":[],"yoast_head":"<!-- This site is optimized with the Yoast SEO Premium plugin v22.5 (Yoast SEO v27.0) - https:\/\/yoast.com\/product\/yoast-seo-premium-wordpress\/ -->\n<title>Terms and Conditions - Surfacide<\/title>\n<meta name=\"robots\" content=\"index, follow, max-snippet:-1, max-image-preview:large, max-video-preview:-1\" \/>\n<link rel=\"canonical\" href=\"https:\/\/www.surfacide.com\/es\/terms-and-conditions\/\" \/>\n<meta property=\"og:locale\" content=\"es_MX\" \/>\n<meta property=\"og:type\" content=\"article\" \/>\n<meta property=\"og:title\" content=\"Terms and Conditions\" \/>\n<meta property=\"og:description\" content=\"Last updated: July 26, 2023 Please read these terms and conditions carefully before using Our Service. Interpretation and Definitions Interpretation The words of which the initial letter is capitalized have meanings defined under the following conditions. The following definitions shall have the same meaning regardless of whether they appear in singular or in plural. Definitions [...]Read More... from Terms and Conditions\" \/>\n<meta property=\"og:url\" content=\"https:\/\/www.surfacide.com\/es\/terms-and-conditions\/\" \/>\n<meta property=\"og:site_name\" content=\"Surfacide\" \/>\n<meta property=\"article:publisher\" content=\"https:\/\/www.facebook.com\/surfacide\" \/>\n<meta property=\"article:modified_time\" content=\"2023-08-11T18:03:32+00:00\" \/>\n<meta property=\"og:image\" content=\"https:\/\/www.surfacide.com\/wp-content\/uploads\/2023\/08\/surfacide-og.jpg\" \/>\n\t<meta property=\"og:image:width\" content=\"1200\" \/>\n\t<meta property=\"og:image:height\" content=\"630\" \/>\n\t<meta property=\"og:image:type\" content=\"image\/jpeg\" \/>\n<meta name=\"twitter:card\" content=\"summary_large_image\" \/>\n<meta name=\"twitter:image\" content=\"https:\/\/www.surfacide.com\/wp-content\/uploads\/2023\/08\/surfacide-og.jpg\" \/>\n<meta name=\"twitter:site\" content=\"@SurfacideUVC\" \/>\n<meta name=\"twitter:label1\" content=\"Tiempo de lectura\" \/>\n\t<meta name=\"twitter:data1\" content=\"8 minutos\" \/>\n<script type=\"application\/ld+json\" class=\"yoast-schema-graph\">{\"@context\":\"https:\/\/schema.org\",\"@graph\":[{\"@type\":\"WebPage\",\"@id\":\"https:\/\/www.surfacide.com\/terms-and-conditions\/\",\"url\":\"https:\/\/www.surfacide.com\/terms-and-conditions\/\",\"name\":\"Terms and Conditions - Surfacide\",\"isPartOf\":{\"@id\":\"https:\/\/www.surfacide.com\/#website\"},\"datePublished\":\"2023-08-10T15:23:49+00:00\",\"dateModified\":\"2023-08-11T18:03:32+00:00\",\"breadcrumb\":{\"@id\":\"https:\/\/www.surfacide.com\/terms-and-conditions\/#breadcrumb\"},\"inLanguage\":\"es\",\"potentialAction\":[{\"@type\":\"ReadAction\",\"target\":[\"https:\/\/www.surfacide.com\/terms-and-conditions\/\"]}]},{\"@type\":\"BreadcrumbList\",\"@id\":\"https:\/\/www.surfacide.com\/terms-and-conditions\/#breadcrumb\",\"itemListElement\":[{\"@type\":\"ListItem\",\"position\":1,\"name\":\"Home\",\"item\":\"https:\/\/www.surfacide.com\/\"},{\"@type\":\"ListItem\",\"position\":2,\"name\":\"Terms and Conditions\"}]},{\"@type\":\"WebSite\",\"@id\":\"https:\/\/www.surfacide.com\/#website\",\"url\":\"https:\/\/www.surfacide.com\/\",\"name\":\"http:\/\/www.surfacide.com\",\"description\":\"Surfacide\",\"publisher\":{\"@id\":\"https:\/\/www.surfacide.com\/#organization\"},\"potentialAction\":[{\"@type\":\"SearchAction\",\"target\":{\"@type\":\"EntryPoint\",\"urlTemplate\":\"https:\/\/www.surfacide.com\/?s={search_term_string}\"},\"query-input\":{\"@type\":\"PropertyValueSpecification\",\"valueRequired\":true,\"valueName\":\"search_term_string\"}}],\"inLanguage\":\"es\"},{\"@type\":\"Organization\",\"@id\":\"https:\/\/www.surfacide.com\/#organization\",\"name\":\"http:\/\/www.surfacide.com\",\"url\":\"https:\/\/www.surfacide.com\/\",\"logo\":{\"@type\":\"ImageObject\",\"inLanguage\":\"es\",\"@id\":\"https:\/\/www.surfacide.com\/#\/schema\/logo\/image\/\",\"url\":\"https:\/\/www.surfacide.com\/wp-content\/uploads\/2023\/06\/Surfacide-logo-1.png\",\"contentUrl\":\"https:\/\/www.surfacide.com\/wp-content\/uploads\/2023\/06\/Surfacide-logo-1.png\",\"width\":263,\"height\":43,\"caption\":\"http:\/\/www.surfacide.com\"},\"image\":{\"@id\":\"https:\/\/www.surfacide.com\/#\/schema\/logo\/image\/\"},\"sameAs\":[\"https:\/\/www.facebook.com\/surfacide\",\"https:\/\/x.com\/SurfacideUVC\",\"https:\/\/www.linkedin.com\/company\/surfacide-llc\"]}]}<\/script>\n<!-- \/ Yoast SEO Premium plugin. -->","yoast_head_json":{"title":"Terms and Conditions - Surfacide","robots":{"index":"index","follow":"follow","max-snippet":"max-snippet:-1","max-image-preview":"max-image-preview:large","max-video-preview":"max-video-preview:-1"},"canonical":"https:\/\/www.surfacide.com\/es\/terms-and-conditions\/","og_locale":"es_MX","og_type":"article","og_title":"Terms and Conditions","og_description":"Last updated: July 26, 2023 Please read these terms and conditions carefully before using Our Service. Interpretation and Definitions Interpretation The words of which the initial letter is capitalized have meanings defined under the following conditions. The following definitions shall have the same meaning regardless of whether they appear in singular or in plural. Definitions [...]Read More... from Terms and Conditions","og_url":"https:\/\/www.surfacide.com\/es\/terms-and-conditions\/","og_site_name":"Surfacide","article_publisher":"https:\/\/www.facebook.com\/surfacide","article_modified_time":"2023-08-11T18:03:32+00:00","og_image":[{"width":1200,"height":630,"url":"https:\/\/www.surfacide.com\/wp-content\/uploads\/2023\/08\/surfacide-og.jpg","type":"image\/jpeg"}],"twitter_card":"summary_large_image","twitter_image":"https:\/\/www.surfacide.com\/wp-content\/uploads\/2023\/08\/surfacide-og.jpg","twitter_site":"@SurfacideUVC","twitter_misc":{"Tiempo de lectura":"8 minutos"},"schema":{"@context":"https:\/\/schema.org","@graph":[{"@type":"WebPage","@id":"https:\/\/www.surfacide.com\/terms-and-conditions\/","url":"https:\/\/www.surfacide.com\/terms-and-conditions\/","name":"Terms and Conditions - Surfacide","isPartOf":{"@id":"https:\/\/www.surfacide.com\/#website"},"datePublished":"2023-08-10T15:23:49+00:00","dateModified":"2023-08-11T18:03:32+00:00","breadcrumb":{"@id":"https:\/\/www.surfacide.com\/terms-and-conditions\/#breadcrumb"},"inLanguage":"es","potentialAction":[{"@type":"ReadAction","target":["https:\/\/www.surfacide.com\/terms-and-conditions\/"]}]},{"@type":"BreadcrumbList","@id":"https:\/\/www.surfacide.com\/terms-and-conditions\/#breadcrumb","itemListElement":[{"@type":"ListItem","position":1,"name":"Home","item":"https:\/\/www.surfacide.com\/"},{"@type":"ListItem","position":2,"name":"Terms and Conditions"}]},{"@type":"WebSite","@id":"https:\/\/www.surfacide.com\/#website","url":"https:\/\/www.surfacide.com\/","name":"http:\/\/www.surfacide.com","description":"Surfacide","publisher":{"@id":"https:\/\/www.surfacide.com\/#organization"},"potentialAction":[{"@type":"SearchAction","target":{"@type":"EntryPoint","urlTemplate":"https:\/\/www.surfacide.com\/?s={search_term_string}"},"query-input":{"@type":"PropertyValueSpecification","valueRequired":true,"valueName":"search_term_string"}}],"inLanguage":"es"},{"@type":"Organization","@id":"https:\/\/www.surfacide.com\/#organization","name":"http:\/\/www.surfacide.com","url":"https:\/\/www.surfacide.com\/","logo":{"@type":"ImageObject","inLanguage":"es","@id":"https:\/\/www.surfacide.com\/#\/schema\/logo\/image\/","url":"https:\/\/www.surfacide.com\/wp-content\/uploads\/2023\/06\/Surfacide-logo-1.png","contentUrl":"https:\/\/www.surfacide.com\/wp-content\/uploads\/2023\/06\/Surfacide-logo-1.png","width":263,"height":43,"caption":"http:\/\/www.surfacide.com"},"image":{"@id":"https:\/\/www.surfacide.com\/#\/schema\/logo\/image\/"},"sameAs":["https:\/\/www.facebook.com\/surfacide","https:\/\/x.com\/SurfacideUVC","https:\/\/www.linkedin.com\/company\/surfacide-llc"]}]}},"_links":{"self":[{"href":"https:\/\/www.surfacide.com\/es\/wp-json\/wp\/v2\/pages\/1028","targetHints":{"allow":["GET"]}}],"collection":[{"href":"https:\/\/www.surfacide.com\/es\/wp-json\/wp\/v2\/pages"}],"about":[{"href":"https:\/\/www.surfacide.com\/es\/wp-json\/wp\/v2\/types\/page"}],"author":[{"embeddable":true,"href":"https:\/\/www.surfacide.com\/es\/wp-json\/wp\/v2\/users\/2"}],"replies":[{"embeddable":true,"href":"https:\/\/www.surfacide.com\/es\/wp-json\/wp\/v2\/comments?post=1028"}],"version-history":[{"count":0,"href":"https:\/\/www.surfacide.com\/es\/wp-json\/wp\/v2\/pages\/1028\/revisions"}],"wp:attachment":[{"href":"https:\/\/www.surfacide.com\/es\/wp-json\/wp\/v2\/media?parent=1028"}],"curies":[{"name":"wp","href":"https:\/\/api.w.org\/{rel}","templated":true}]}}